{"id":2055,"date":"2024-09-24T15:49:52","date_gmt":"2024-09-24T15:49:52","guid":{"rendered":"https:\/\/svoriometimomaratonas.lt\/?post_type=product&#038;p=2055"},"modified":"2026-03-19T05:21:45","modified_gmt":"2026-03-19T05:21:45","slug":"gidas-mitybos-ypatumai-esant-virskinamojo-trakto-ligoms","status":"publish","type":"product","link":"https:\/\/svoriometimomaratonas.lt\/en\/product\/gidas-mitybos-ypatumai-esant-virskinamojo-trakto-ligoms\/","title":{"rendered":"Gidas. Vir\u0161kinamojo trakto ligos ir mityba"},"content":{"rendered":"<p>\u0160iame trumpame ir ai\u0161kiame gide rasite pagrindines vir\u0161kinamojo trakto ligas, j\u0173 simptomatik\u0105 ir mitybos rekomendacijas, kad b\u016bt\u0173 lengviau visa tai kontroliuoti. Aptarsime:<\/p>\n<ul>\n<li>Gastroezogin\u012f refliuks\u0105 (GERL);<\/li>\n<li>Skrand\u017eio ir dvylikapir\u0161t\u0117s \u017earnos opalig\u0119 (Helicobacter pylori);<\/li>\n<li>Celiakij\u0105;<\/li>\n<li>Dirgliosios \u017earnos sindrom\u0105 (D\u017dS);<\/li>\n<li>Nealkoholin\u0117 surieb\u0117jusi\u0173 kepen\u0173 liga;<\/li>\n<li>Pankreatitas;<\/li>\n<\/ul>","protected":false},"excerpt":{"rendered":"<p>\u0160iame trumpame ir ai\u0161kiame gide rasite pagrindines vir\u0161kinamojo trakto ligas, j\u0173 simptomatik\u0105 ir mitybos rekomendacijas, kad b\u016bt\u0173 lengviau visa tai kontroliuoti. Aptarsime:<\/p>\n<ul>\n<li>Gastroezogin\u012f refliuks\u0105 (GERL);<\/li>\n<li>Skrand\u017eio ir dvylikapir\u0161t\u0117s \u017earnos opalig\u0119 (Helicobacter pylori);<\/li>\n<li>Celiakij\u0105;<\/li>\n<li>Dirgliosios \u017earnos sindrom\u0105 (D\u017dS);<\/li>\n<li>Nealkoholin\u0117 surieb\u0117jusi\u0173 kepen\u0173 liga;<\/li>\n<li>Pankreatitas;<\/li>\n<\/ul>\n<p>\u012esigijus paslaug\u0105 pinigai n\u0117ra gr\u0105\u017einami ar paslauga kei\u010diama.<\/p>\n<p>&nbsp;<\/p>","protected":false},"featured_media":2058,"template":"","meta":{"site-sidebar-layout":"default","site-content-layout":"","ast-site-content-layout":"default","site-content-style":"default","site-sidebar-style":"default","ast-global-header-display":"","ast-banner-title-visibility":"","ast-main-header-display":"","ast-hfb-above-header-display":"","ast-hfb-below-header-display":"","ast-hfb-mobile-header-display":"","site-post-title":"","ast-breadcrumbs-content":"","ast-featured-img":"","footer-sml-layout":"","theme-transparent-header-meta":"default","adv-header-id-meta":"","stick-header-meta":"","header-above-stick-meta":"","header-main-stick-meta":"","header-below-stick-meta":"","astra-migrate-meta-layouts":"set","ast-page-background-enabled":"default","ast-page-background-meta":{"desktop":{"background-color":"var(--ast-global-color-4)","background-image":"","background-repeat":"repeat","background-position":"center center","background-size":"auto","background-attachment":"scroll","background-type":"","background-media":"","overlay-type":"","overlay-color":"","overlay-opacity":"","overlay-gradient":""},"tablet":{"background-color":"","background-image":"","background-repeat":"repeat","background-position":"center center","background-size":"auto","background-attachment":"scroll","background-type":"","background-media":"","overlay-type":"","overlay-color":"","overlay-opacity":"","overlay-gradient":""},"mobile":{"background-color":"","background-image":"","background-repeat":"repeat","background-position":"center center","background-size":"auto","background-attachment":"scroll","background-type":"","background-media":"","overlay-type":"","overlay-color":"","overlay-opacity":"","overlay-gradient":""}},"ast-content-background-meta":{"desktop":{"background-color":"var(--ast-global-color-5)","background-image":"","background-repeat":"repeat","background-position":"center center","background-size":"auto","background-attachment":"scroll","background-type":"","background-media":"","overlay-type":"","overlay-color":"","overlay-opacity":"","overlay-gradient":""},"tablet":{"background-color":"var(--ast-global-color-5)","background-image":"","background-repeat":"repeat","background-position":"center center","background-size":"auto","background-attachment":"scroll","background-type":"","background-media":"","overlay-type":"","overlay-color":"","overlay-opacity":"","overlay-gradient":""},"mobile":{"background-color":"var(--ast-global-color-5)","background-image":"","background-repeat":"repeat","background-position":"center center","background-size":"auto","background-attachment":"scroll","background-type":"","background-media":"","overlay-type":"","overlay-color":"","overlay-opacity":"","overlay-gradient":""}}},"product_brand":[],"product_cat":[26],"product_tag":[],"class_list":{"0":"post-2055","1":"product","2":"type-product","3":"status-publish","4":"has-post-thumbnail","6":"product_cat-rekomendacinis-gidas","7":"desktop-align-left","8":"tablet-align-left","9":"mobile-align-left","11":"first","12":"instock","13":"downloadable","14":"virtual","15":"taxable","16":"purchasable","17":"product-type-simple"},"_links":{"self":[{"href":"https:\/\/svoriometimomaratonas.lt\/en\/wp-json\/wp\/v2\/product\/2055","targetHints":{"allow":["GET"]}}],"collection":[{"href":"https:\/\/svoriometimomaratonas.lt\/en\/wp-json\/wp\/v2\/product"}],"about":[{"href":"https:\/\/svoriometimomaratonas.lt\/en\/wp-json\/wp\/v2\/types\/product"}],"wp:featuredmedia":[{"embeddable":true,"href":"https:\/\/svoriometimomaratonas.lt\/en\/wp-json\/wp\/v2\/media\/2058"}],"wp:attachment":[{"href":"https:\/\/svoriometimomaratonas.lt\/en\/wp-json\/wp\/v2\/media?parent=2055"}],"wp:term":[{"taxonomy":"product_brand","embeddable":true,"href":"https:\/\/svoriometimomaratonas.lt\/en\/wp-json\/wp\/v2\/product_brand?post=2055"},{"taxonomy":"product_cat","embeddable":true,"href":"https:\/\/svoriometimomaratonas.lt\/en\/wp-json\/wp\/v2\/product_cat?post=2055"},{"taxonomy":"product_tag","embeddable":true,"href":"https:\/\/svoriometimomaratonas.lt\/en\/wp-json\/wp\/v2\/product_tag?post=2055"}],"curies":[{"name":"wp","href":"https:\/\/api.w.org\/{rel}","templated":true}]}}