{"id":2060,"date":"2024-09-24T16:23:25","date_gmt":"2024-09-24T16:23:25","guid":{"rendered":"https:\/\/svoriometimomaratonas.lt\/?post_type=product&#038;p=2060"},"modified":"2026-03-19T05:23:16","modified_gmt":"2026-03-19T05:23:16","slug":"rekomendacinis-planas-salotos-siltas-sezonas","status":"publish","type":"product","link":"https:\/\/svoriometimomaratonas.lt\/en\/product\/rekomendacinis-planas-salotos-siltas-sezonas\/","title":{"rendered":"Rekomendacinis planas. Salotos (\u0161iltasis sezonas)"},"content":{"rendered":"<p>Jeigu norite valgyti skaniai, jaustis lengvai, so\u010diai, bet ir tuo pa\u010diu neapsunkus, pagra\u017einti k\u016bno linijas, \u0161is planas kaip tik Jums! K\u0105 gausite \u012fsigijus?<\/p>\n<p>-Pilnai sud\u0117liot\u0105 ir suskai\u010diuot\u0105 4 savai\u010di\u0173 mitybos plan\u0105;<\/p>\n<p>-45 lengvai ir labai greitai (iki 10min.) pagaminami receptai;<\/p>\n<p>-Plan\u0105 gausite i\u0161kart po apmok\u0117jimo \u012f savo nurodyt\u0105 el. pa\u0161t\u0105. (reik\u0117s paspausti ikon\u0117l\u0119 &#8222;parsisi\u0173sti&#8221;)<\/p>\n<p>Planas orentuotas \u012f \u0161iltesn\u012f sezon\u0105, jame rasite daugiausiai \u012fvairi\u0173 salot\u0173 recept\u0173.<\/p>","protected":false},"excerpt":{"rendered":"<p>Jeigu norite valgyti skaniai, jaustis lengvai, so\u010diai, bet ir tuo pa\u010diu neapsunkus, pagra\u017einti k\u016bno linijas, \u0161is planas kaip tik Jums! K\u0105 gausite \u012fsigijus?<\/p>\n<p>-Pilnai sud\u0117liot\u0105 ir suskai\u010diuot\u0105 4 savai\u010di\u0173 mitybos plan\u0105;<\/p>\n<p>-45 lengvai ir labai greitai (iki 10min.) pagaminami receptai;<\/p>\n<p>-Plan\u0105 gausite i\u0161kart po apmok\u0117jimo \u012f savo nurodyt\u0105 el. pa\u0161t\u0105. (reik\u0117s paspausti ikon\u0117l\u0119 &#8222;parsisi\u0173sti&#8221; nuoroda galioja 30 dien\u0173)<\/p>\n<p>Planas orentuotas \u012f \u0161iltesn\u012f sezon\u0105, jame rasite daugiausiai \u012fvairi\u0173 salot\u0173 recept\u0173.<\/p>\n<p>\u012esigijus paslaug\u0105 pinigai n\u0117ra gr\u0105\u017einami ar paslauga kei\u010diama.<\/p>","protected":false},"featured_media":2063,"template":"","meta":{"site-sidebar-layout":"default","site-content-layout":"","ast-site-content-layout":"default","site-content-style":"default","site-sidebar-style":"default","ast-global-header-display":"","ast-banner-title-visibility":"","ast-main-header-display":"","ast-hfb-above-header-display":"","ast-hfb-below-header-display":"","ast-hfb-mobile-header-display":"","site-post-title":"","ast-breadcrumbs-content":"","ast-featured-img":"","footer-sml-layout":"","theme-transparent-header-meta":"default","adv-header-id-meta":"","stick-header-meta":"","header-above-stick-meta":"","header-main-stick-meta":"","header-below-stick-meta":"","astra-migrate-meta-layouts":"set","ast-page-background-enabled":"default","ast-page-background-meta":{"desktop":{"background-color":"var(--ast-global-color-4)","background-image":"","background-repeat":"repeat","background-position":"center center","background-size":"auto","background-attachment":"scroll","background-type":"","background-media":"","overlay-type":"","overlay-color":"","overlay-opacity":"","overlay-gradient":""},"tablet":{"background-color":"","background-image":"","background-repeat":"repeat","background-position":"center center","background-size":"auto","background-attachment":"scroll","background-type":"","background-media":"","overlay-type":"","overlay-color":"","overlay-opacity":"","overlay-gradient":""},"mobile":{"background-color":"","background-image":"","background-repeat":"repeat","background-position":"center center","background-size":"auto","background-attachment":"scroll","background-type":"","background-media":"","overlay-type":"","overlay-color":"","overlay-opacity":"","overlay-gradient":""}},"ast-content-background-meta":{"desktop":{"background-color":"var(--ast-global-color-5)","background-image":"","background-repeat":"repeat","background-position":"center center","background-size":"auto","background-attachment":"scroll","background-type":"","background-media":"","overlay-type":"","overlay-color":"","overlay-opacity":"","overlay-gradient":""},"tablet":{"background-color":"var(--ast-global-color-5)","background-image":"","background-repeat":"repeat","background-position":"center center","background-size":"auto","background-attachment":"scroll","background-type":"","background-media":"","overlay-type":"","overlay-color":"","overlay-opacity":"","overlay-gradient":""},"mobile":{"background-color":"var(--ast-global-color-5)","background-image":"","background-repeat":"repeat","background-position":"center center","background-size":"auto","background-attachment":"scroll","background-type":"","background-media":"","overlay-type":"","overlay-color":"","overlay-opacity":"","overlay-gradient":""}}},"product_brand":[],"product_cat":[24],"product_tag":[],"class_list":{"0":"post-2060","1":"product","2":"type-product","3":"status-publish","4":"has-post-thumbnail","6":"product_cat-pagrindiniai-planai","7":"desktop-align-left","8":"tablet-align-left","9":"mobile-align-left","11":"first","12":"instock","13":"sale","14":"downloadable","15":"virtual","16":"taxable","17":"purchasable","18":"product-type-simple"},"_links":{"self":[{"href":"https:\/\/svoriometimomaratonas.lt\/en\/wp-json\/wp\/v2\/product\/2060","targetHints":{"allow":["GET"]}}],"collection":[{"href":"https:\/\/svoriometimomaratonas.lt\/en\/wp-json\/wp\/v2\/product"}],"about":[{"href":"https:\/\/svoriometimomaratonas.lt\/en\/wp-json\/wp\/v2\/types\/product"}],"wp:featuredmedia":[{"embeddable":true,"href":"https:\/\/svoriometimomaratonas.lt\/en\/wp-json\/wp\/v2\/media\/2063"}],"wp:attachment":[{"href":"https:\/\/svoriometimomaratonas.lt\/en\/wp-json\/wp\/v2\/media?parent=2060"}],"wp:term":[{"taxonomy":"product_brand","embeddable":true,"href":"https:\/\/svoriometimomaratonas.lt\/en\/wp-json\/wp\/v2\/product_brand?post=2060"},{"taxonomy":"product_cat","embeddable":true,"href":"https:\/\/svoriometimomaratonas.lt\/en\/wp-json\/wp\/v2\/product_cat?post=2060"},{"taxonomy":"product_tag","embeddable":true,"href":"https:\/\/svoriometimomaratonas.lt\/en\/wp-json\/wp\/v2\/product_tag?post=2060"}],"curies":[{"name":"wp","href":"https:\/\/api.w.org\/{rel}","templated":true}]}}