{"id":2109,"date":"2024-10-08T17:11:43","date_gmt":"2024-10-08T17:11:43","guid":{"rendered":"https:\/\/svoriometimomaratonas.lt\/?post_type=product&#038;p=2109"},"modified":"2026-03-19T05:26:42","modified_gmt":"2026-03-19T05:26:42","slug":"rekomendacinis-rudens-mitybos-planas","status":"publish","type":"product","link":"https:\/\/svoriometimomaratonas.lt\/en\/product\/rekomendacinis-rudens-mitybos-planas\/","title":{"rendered":"Rekomendacinis rudens mitybos planas"},"content":{"rendered":"<p>Labutis!<\/p>\n<p>Jeigu Jums r\u016bpi J\u016bs\u0173 sveikata, norite valgyti skaniai, jaustis lengvai, so\u010diai, bet ir tuo pa\u010diu neapsunkus, pagra\u017einti k\u016bno linijas, \u0161is rekomendacinis planas kaip tik Jums! K\u0105 gausite \u012fsigijus?<\/p>\n<p>-Pilnai sud\u0117liot\u0105 ir suskai\u010diuot\u0105 4 savai\u010di\u0173 mitybos plan\u0105;<\/p>\n<p>-55 lengvai ir greitai pagaminami, nauji ir niekur neskelbti receptai;<\/p>\n<p>-Planas orientuotas \u012f rudens sezon\u0105 ir dar\u017eovi\u0173 asortiment\u0105;<\/p>\n<p>-Mitybos plan\u0105 gausite i\u0161kart po apmok\u0117jimo \u012f savo nurodyt\u0105 pirkimo metu el. pa\u0161t\u0105 (reik\u0117s paspausti ikon\u0117l\u0119 &#8222;parsisi\u0173sti&#8221;)<\/p>","protected":false},"excerpt":{"rendered":"<p>Labutis!<\/p>\n<p>Jeigu Jums r\u016bpi J\u016bs\u0173 sveikata, norite valgyti skaniai, jaustis lengvai, so\u010diai, bet ir tuo pa\u010diu neapsunkus, pagra\u017einti k\u016bno linijas, \u0161is rekomendacinis planas kaip tik Jums! K\u0105 gausite \u012fsigijus?<\/p>\n<p>-Pilnai sud\u0117liot\u0105 ir suskai\u010diuot\u0105 4 savai\u010di\u0173 mitybos plan\u0105;<\/p>\n<p>-55 lengvai ir greitai pagaminami, nauji ir niekur neskelbti receptai;<\/p>\n<p>-Planas orientuotas \u012f rudens\/\u017eiemos sezon\u0105 ir dar\u017eovi\u0173 asortiment\u0105;<\/p>\n<p>-Mitybos plan\u0105 gausite i\u0161kart po apmok\u0117jimo \u012f savo nurodyt\u0105 pirkimo metu el. pa\u0161t\u0105 (reik\u0117s paspausti ikon\u0117l\u0119 &#8222;parsisi\u0173sti&#8221; nuoroda galioja 30 dien\u0173 )<\/p>\n<p>\u012esigijus paslaug\u0105 pinigai n\u0117ra gr\u0105\u017einami ar paslauga kei\u010diama.<\/p>","protected":false},"featured_media":2112,"template":"","meta":{"site-sidebar-layout":"default","site-content-layout":"","ast-site-content-layout":"default","site-content-style":"default","site-sidebar-style":"default","ast-global-header-display":"","ast-banner-title-visibility":"","ast-main-header-display":"","ast-hfb-above-header-display":"","ast-hfb-below-header-display":"","ast-hfb-mobile-header-display":"","site-post-title":"","ast-breadcrumbs-content":"","ast-featured-img":"","footer-sml-layout":"","theme-transparent-header-meta":"default","adv-header-id-meta":"","stick-header-meta":"","header-above-stick-meta":"","header-main-stick-meta":"","header-below-stick-meta":"","astra-migrate-meta-layouts":"set","ast-page-background-enabled":"default","ast-page-background-meta":{"desktop":{"background-color":"var(--ast-global-color-4)","background-image":"","background-repeat":"repeat","background-position":"center center","background-size":"auto","background-attachment":"scroll","background-type":"","background-media":"","overlay-type":"","overlay-color":"","overlay-opacity":"","overlay-gradient":""},"tablet":{"background-color":"","background-image":"","background-repeat":"repeat","background-position":"center center","background-size":"auto","background-attachment":"scroll","background-type":"","background-media":"","overlay-type":"","overlay-color":"","overlay-opacity":"","overlay-gradient":""},"mobile":{"background-color":"","background-image":"","background-repeat":"repeat","background-position":"center center","background-size":"auto","background-attachment":"scroll","background-type":"","background-media":"","overlay-type":"","overlay-color":"","overlay-opacity":"","overlay-gradient":""}},"ast-content-background-meta":{"desktop":{"background-color":"var(--ast-global-color-5)","background-image":"","background-repeat":"repeat","background-position":"center center","background-size":"auto","background-attachment":"scroll","background-type":"","background-media":"","overlay-type":"","overlay-color":"","overlay-opacity":"","overlay-gradient":""},"tablet":{"background-color":"var(--ast-global-color-5)","background-image":"","background-repeat":"repeat","background-position":"center center","background-size":"auto","background-attachment":"scroll","background-type":"","background-media":"","overlay-type":"","overlay-color":"","overlay-opacity":"","overlay-gradient":""},"mobile":{"background-color":"var(--ast-global-color-5)","background-image":"","background-repeat":"repeat","background-position":"center center","background-size":"auto","background-attachment":"scroll","background-type":"","background-media":"","overlay-type":"","overlay-color":"","overlay-opacity":"","overlay-gradient":""}}},"product_brand":[],"product_cat":[24],"product_tag":[],"class_list":{"0":"post-2109","1":"product","2":"type-product","3":"status-publish","4":"has-post-thumbnail","6":"product_cat-pagrindiniai-planai","7":"desktop-align-left","8":"tablet-align-left","9":"mobile-align-left","11":"first","12":"instock","13":"downloadable","14":"virtual","15":"taxable","16":"purchasable","17":"product-type-simple"},"_links":{"self":[{"href":"https:\/\/svoriometimomaratonas.lt\/en\/wp-json\/wp\/v2\/product\/2109","targetHints":{"allow":["GET"]}}],"collection":[{"href":"https:\/\/svoriometimomaratonas.lt\/en\/wp-json\/wp\/v2\/product"}],"about":[{"href":"https:\/\/svoriometimomaratonas.lt\/en\/wp-json\/wp\/v2\/types\/product"}],"wp:featuredmedia":[{"embeddable":true,"href":"https:\/\/svoriometimomaratonas.lt\/en\/wp-json\/wp\/v2\/media\/2112"}],"wp:attachment":[{"href":"https:\/\/svoriometimomaratonas.lt\/en\/wp-json\/wp\/v2\/media?parent=2109"}],"wp:term":[{"taxonomy":"product_brand","embeddable":true,"href":"https:\/\/svoriometimomaratonas.lt\/en\/wp-json\/wp\/v2\/product_brand?post=2109"},{"taxonomy":"product_cat","embeddable":true,"href":"https:\/\/svoriometimomaratonas.lt\/en\/wp-json\/wp\/v2\/product_cat?post=2109"},{"taxonomy":"product_tag","embeddable":true,"href":"https:\/\/svoriometimomaratonas.lt\/en\/wp-json\/wp\/v2\/product_tag?post=2109"}],"curies":[{"name":"wp","href":"https:\/\/api.w.org\/{rel}","templated":true}]}}