{"id":4063,"date":"2025-01-31T17:16:40","date_gmt":"2025-01-31T17:16:40","guid":{"rendered":"https:\/\/svoriometimomaratonas.lt\/?post_type=product&#038;p=4063"},"modified":"2026-03-19T05:21:58","modified_gmt":"2026-03-19T05:21:58","slug":"hormonu-disbalansas-informacija-rekomendacinis-planas","status":"publish","type":"product","link":"https:\/\/svoriometimomaratonas.lt\/en\/product\/hormonu-disbalansas-informacija-rekomendacinis-planas\/","title":{"rendered":"Hormon\u0173 (dis)balansas. Informacija + rekomendacinis planas"},"content":{"rendered":"<p>Ar kada nors susim\u0105st\u0117te, kod\u0117l vien\u0105 dien\u0105 atsikeliate geresn\u0117s nuotaikos? Sau atrodote gra\u017eesn\u0117? Niekas neerzina? Norisi b\u0117gti ir d\u017eiaugtis gyvenimu. O b\u016bna ir taip, jog atsikeliate ir viskas, kas \u012fprastai d\u017eiugina pradeda erzinti? O jeigu dar spuogas ant smakro? Patinusios akys, i\u0161p\u016bstas pilvas? Visos \u0161ios patiriamos emocijos yra normalu, nes jas valdo m\u016bs\u0173 hormonai.<\/p>\n<p>\u0160is gidas puikus \u012frankis ir susiteminta informacija tam, kad geriau suprastum\u0117te savo organizm\u0105 ir jo siun\u010diamus signalus.<\/p>\n<p>Didel\u0117s apimties informacinis gidas su 2 savai\u010di\u0173 rekomendaciniu planu.<\/p>\n<p>\u0160iame gide rasite:<\/p>\n<p>&#8211; Informacij\u0105 apie moters ciklo fazes ir kaip jos daro \u012ftak\u0105 nuotaikai, maisto pasirinkimui ir bendrin\u0119 savijaut\u0105;<\/p>\n<p>&#8211; Suprantamais \u017eod\u017eiais pateikt\u0105 informacij\u0105 apie 10 svarbiausi\u0173 hormon\u0173 moters organizmui;<\/p>\n<p>&#8211; Mitybos pasirinkimus esant disbalansui arba norint jo i\u0161vengti;<\/p>\n<p>&#8211; \u012evardintos prie\u017eastys kod\u0117l gali atsirasti disbalansas ir pasekm\u0117s jeigu niekas n\u0117ra daroma;<\/p>\n<p>&#8211; Suskai\u010diuotas 2 savai\u010di\u0173 mitybos planas;<\/p>\n<p>&#8211; \u012etraukti ai\u0161k\u016bs ir greitai pagaminami 24 receptai;<\/p>\n<p>&nbsp;<\/p>\n<p>\u012esigijus gid\u0105 b\u016btina parsisi\u0173sti sau \u012f el. pa\u0161t\u0105 fail\u0105 per 30d.<\/p>\n<p>&nbsp;<\/p>\n<p>&nbsp;<\/p>","protected":false},"excerpt":{"rendered":"<p>Ar kada nors susim\u0105st\u0117te, kod\u0117l vien\u0105 dien\u0105 atsikeliate geresn\u0117s nuotaikos? Sau atrodote gra\u017eesn\u0117? Niekas neerzina? Norisi b\u0117gti ir d\u017eiaugtis gyvenimu. O b\u016bna ir taip, jog atsikeliate ir viskas, kas \u012fprastai d\u017eiugina pradeda erzinti? O jeigu dar spuogas ant smakro? Patinusios akys, i\u0161p\u016bstas pilvas? Visos \u0161ios patiriamos emocijos yra normalu, nes jas valdo m\u016bs\u0173 hormonai.<\/p>\n<p>\u0160is gidas puikus \u012frankis ir susiteminta informacija tam, kad geriau suprastum\u0117te savo organizm\u0105 ir jo siun\u010diamus signalus.<\/p>\n<p>Didel\u0117s apimties informacinis gidas su 2 savai\u010di\u0173 rekomendaciniu planu.<\/p>\n<p>\u0160iame gide rasite:<\/p>\n<p>&#8211; Informacij\u0105 apie moters ciklo fazes ir kaip jos daro \u012ftak\u0105 nuotaikai, maisto pasirinkimui ir bendrin\u0119 savijaut\u0105;<\/p>\n<p>&#8211; Suprantamais \u017eod\u017eiais pateikt\u0105 informacij\u0105 apie 10 svarbiausi\u0173 hormon\u0173 moters organizmui;<\/p>\n<p>&#8211; Mitybos pasirinkimus esant disbalansui arba norint jo i\u0161vengti;<\/p>\n<p>&#8211; \u012evardintos prie\u017eastys kod\u0117l gali atsirasti disbalansas ir pasekm\u0117s jeigu niekas n\u0117ra daroma;<\/p>\n<p>&#8211; Suskai\u010diuotas 2 savai\u010di\u0173 mitybos planas;<\/p>\n<p>&#8211; \u012etraukti ai\u0161k\u016bs ir greitai pagaminami 24 receptai;<\/p>\n<p>&nbsp;<\/p>\n<p>\u012esigijus gid\u0105 b\u016btina parsisi\u0173sti sau \u012f el. pa\u0161t\u0105 fail\u0105 per 30d. \u012esigijus paslaug\u0105 pinigai n\u0117ra gr\u0105\u017einami ar paslauga kei\u010diama.<\/p>\n<p>&nbsp;<\/p>\n<p>&nbsp;<\/p>","protected":false},"featured_media":4066,"template":"","meta":{"site-sidebar-layout":"default","site-content-layout":"","ast-site-content-layout":"default","site-content-style":"default","site-sidebar-style":"default","ast-global-header-display":"","ast-banner-title-visibility":"","ast-main-header-display":"","ast-hfb-above-header-display":"","ast-hfb-below-header-display":"","ast-hfb-mobile-header-display":"","site-post-title":"","ast-breadcrumbs-content":"","ast-featured-img":"","footer-sml-layout":"","theme-transparent-header-meta":"default","adv-header-id-meta":"","stick-header-meta":"","header-above-stick-meta":"","header-main-stick-meta":"","header-below-stick-meta":"","astra-migrate-meta-layouts":"set","ast-page-background-enabled":"default","ast-page-background-meta":{"desktop":{"background-color":"var(--ast-global-color-4)","background-image":"","background-repeat":"repeat","background-position":"center center","background-size":"auto","background-attachment":"scroll","background-type":"","background-media":"","overlay-type":"","overlay-color":"","overlay-opacity":"","overlay-gradient":""},"tablet":{"background-color":"","background-image":"","background-repeat":"repeat","background-position":"center center","background-size":"auto","background-attachment":"scroll","background-type":"","background-media":"","overlay-type":"","overlay-color":"","overlay-opacity":"","overlay-gradient":""},"mobile":{"background-color":"","background-image":"","background-repeat":"repeat","background-position":"center center","background-size":"auto","background-attachment":"scroll","background-type":"","background-media":"","overlay-type":"","overlay-color":"","overlay-opacity":"","overlay-gradient":""}},"ast-content-background-meta":{"desktop":{"background-color":"var(--ast-global-color-5)","background-image":"","background-repeat":"repeat","background-position":"center center","background-size":"auto","background-attachment":"scroll","background-type":"","background-media":"","overlay-type":"","overlay-color":"","overlay-opacity":"","overlay-gradient":""},"tablet":{"background-color":"var(--ast-global-color-5)","background-image":"","background-repeat":"repeat","background-position":"center center","background-size":"auto","background-attachment":"scroll","background-type":"","background-media":"","overlay-type":"","overlay-color":"","overlay-opacity":"","overlay-gradient":""},"mobile":{"background-color":"var(--ast-global-color-5)","background-image":"","background-repeat":"repeat","background-position":"center center","background-size":"auto","background-attachment":"scroll","background-type":"","background-media":"","overlay-type":"","overlay-color":"","overlay-opacity":"","overlay-gradient":""}}},"product_brand":[],"product_cat":[26],"product_tag":[],"class_list":{"0":"post-4063","1":"product","2":"type-product","3":"status-publish","4":"has-post-thumbnail","6":"product_cat-rekomendacinis-gidas","7":"desktop-align-left","8":"tablet-align-left","9":"mobile-align-left","11":"first","12":"instock","13":"downloadable","14":"virtual","15":"taxable","16":"purchasable","17":"product-type-simple"},"_links":{"self":[{"href":"https:\/\/svoriometimomaratonas.lt\/en\/wp-json\/wp\/v2\/product\/4063","targetHints":{"allow":["GET"]}}],"collection":[{"href":"https:\/\/svoriometimomaratonas.lt\/en\/wp-json\/wp\/v2\/product"}],"about":[{"href":"https:\/\/svoriometimomaratonas.lt\/en\/wp-json\/wp\/v2\/types\/product"}],"wp:featuredmedia":[{"embeddable":true,"href":"https:\/\/svoriometimomaratonas.lt\/en\/wp-json\/wp\/v2\/media\/4066"}],"wp:attachment":[{"href":"https:\/\/svoriometimomaratonas.lt\/en\/wp-json\/wp\/v2\/media?parent=4063"}],"wp:term":[{"taxonomy":"product_brand","embeddable":true,"href":"https:\/\/svoriometimomaratonas.lt\/en\/wp-json\/wp\/v2\/product_brand?post=4063"},{"taxonomy":"product_cat","embeddable":true,"href":"https:\/\/svoriometimomaratonas.lt\/en\/wp-json\/wp\/v2\/product_cat?post=4063"},{"taxonomy":"product_tag","embeddable":true,"href":"https:\/\/svoriometimomaratonas.lt\/en\/wp-json\/wp\/v2\/product_tag?post=4063"}],"curies":[{"name":"wp","href":"https:\/\/api.w.org\/{rel}","templated":true}]}}