{"id":5526,"date":"2025-04-24T12:42:26","date_gmt":"2025-04-24T12:42:26","guid":{"rendered":"https:\/\/svoriometimomaratonas.lt\/?post_type=product&#038;p=5526"},"modified":"2026-03-19T05:22:28","modified_gmt":"2026-03-19T05:22:28","slug":"rekomendacinis-mitybos-planas-virskinimo-gerinimui","status":"publish","type":"product","link":"https:\/\/svoriometimomaratonas.lt\/en\/product\/rekomendacinis-mitybos-planas-virskinimo-gerinimui\/","title":{"rendered":"Rekomendacinis mitybos planas VIR\u0160KINIMO GERINIMUI"},"content":{"rendered":"<p>Sveikas vir\u0161kinimas \u2013 tai vienas svarbiausi\u0173 geros savijautos ir gyvenimo kokyb\u0117s pagrind\u0173. Vir\u0161kinimo sistema ne tik skaido ir \u012fsisavina maistines med\u017eiagas, bet ir tiesiogiai veikia imunitet\u0105, emocin\u0119 b\u016bkl\u0119, energijos lyg\u012f bei odos b\u016bkl\u0119. \u0160iuolaikinis gyvenimo tempas, netinkami mitybos \u012fpro\u010diai, stresas ir perdirbtas maistas da\u017enai trikdo nat\u016bralius vir\u0161kinimo procesus. Kai vir\u0161kinimo sistema veikia skland\u017eiai, organizmas efektyviau \u012fsisavina maistines med\u017eiagas, palaiko stabil\u0173 cukraus kiek\u012f kraujyje, ma\u017e\u0117ja u\u017edegiminiai procesai, o kartu lengv\u0117ja ir kelias link sveikesnio k\u016bno svorio.<\/p>\n<p>\u0160is rekomendacinis mitybos planas sudarytas siekiant:<\/p>\n<ul>\n<li><strong>Suma\u017einti vir\u0161kinimo sistemos dirginim\u0105;<\/strong><\/li>\n<li><strong>Atkurti ir palaikyti sveik\u0105 mikrobiot\u0105;<\/strong><\/li>\n<li><strong>Skatinti reguliar\u0173 tu\u0161tinim\u0105si;<\/strong><\/li>\n<li><strong>Ma\u017einti pilvo p\u016btim\u0105 ir sunkumo jausm\u0105 pavalgius;<\/strong><\/li>\n<li><strong>R\u016bg\u0161tingumui ma\u017einti ar visai panaikinti;<\/strong><\/li>\n<li><strong>Ma\u017einti u\u017edegim\u0105<\/strong><strong>\u00a0ir organizmo reakcijas \u012f galimus maisto dirgiklius;<\/strong><\/li>\n<li><strong>Gerinti nuotaik\u0105;\u00a0<\/strong><\/li>\n<li><strong>Suteikti lengvumo jausm\u0105 ir energijos;<\/strong><\/li>\n<li><strong>Svorio ma\u017einimui;\u00a0<\/strong><\/li>\n<\/ul>\n<p>Planas sudarytas remiantis mokslu pagr\u012fstais principais ir apima lengvai vir\u0161kinamus, nat\u016bralius maisto produktus, padedan\u010dius atkurti \u017earnyno pusiausvyr\u0105 ir stiprinti bendr\u0105 organizmo atsparum\u0105.<\/p>\n<p>Plane rasite:<\/p>\n<ul>\n<li>2 skirtingas suskai\u010diuotas savaites;<\/li>\n<li>Kiekvienoje dienoje 4 valgymus;<\/li>\n<li>20 niekur nepublikuot\u0173 recept\u0173, kurie yra nesud\u0117tingi ir greitai pagaminami;<\/li>\n<li>Planas sud\u0117liotas pagal patiekal\u0173 2 dienas pasikartojimo princip\u0105, ta\u010diau galiu u\u017etikrinti, kad nerasite nei vienos identi\u0161kos dienos, tad \u012fvairov\u0117 bus i\u0161laikoma;<\/li>\n<\/ul>\n<p><strong>\u012esigijus plan\u0105, b\u016btinai parsisi\u0173skite fail\u0105 sau \u012f el. pa\u0161t\u0105 ir i\u0161sisaugokite per 30d.<\/strong><\/p>","protected":false},"excerpt":{"rendered":"<p>Sveikas vir\u0161kinimas \u2013 tai vienas svarbiausi\u0173 geros savijautos ir gyvenimo kokyb\u0117s pagrind\u0173. Vir\u0161kinimo sistema ne tik skaido ir \u012fsisavina maistines med\u017eiagas, bet ir tiesiogiai veikia imunitet\u0105, emocin\u0119 b\u016bkl\u0119, energijos lyg\u012f bei odos b\u016bkl\u0119. \u0160iuolaikinis gyvenimo tempas, netinkami mitybos \u012fpro\u010diai, stresas ir perdirbtas maistas da\u017enai trikdo nat\u016bralius vir\u0161kinimo procesus. Kai vir\u0161kinimo sistema veikia skland\u017eiai, organizmas efektyviau \u012fsisavina maistines med\u017eiagas, palaiko stabil\u0173 cukraus kiek\u012f kraujyje, ma\u017e\u0117ja u\u017edegiminiai procesai, o kartu lengv\u0117ja ir kelias link sveikesnio k\u016bno svorio.<\/p>\n<p>\u0160is rekomendacinis mitybos planas sudarytas siekiant:<\/p>\n<ul>\n<li><strong>Suma\u017einti vir\u0161kinimo sistemos dirginim\u0105;<\/strong><\/li>\n<li><strong>Atkurti ir palaikyti sveik\u0105 mikrobiot\u0105;<\/strong><\/li>\n<li><strong>Skatinti reguliar\u0173 tu\u0161tinim\u0105si;<\/strong><\/li>\n<li><strong>Ma\u017einti pilvo p\u016btim\u0105 ir sunkumo jausm\u0105 pavalgius;<\/strong><\/li>\n<li><strong>R\u016bg\u0161tingumui ma\u017einti ar visai panaikinti;<\/strong><\/li>\n<li><strong>Ma\u017einti u\u017edegim\u0105<\/strong><strong>\u00a0ir organizmo reakcijas \u012f galimus maisto dirgiklius;<\/strong><\/li>\n<li><strong>Gerinti nuotaik\u0105;\u00a0<\/strong><\/li>\n<li><strong>Suteikti lengvumo jausm\u0105 ir energijos;<\/strong><\/li>\n<li><strong>Svorio ma\u017einimui;\u00a0<\/strong><\/li>\n<\/ul>\n<p>Planas sudarytas remiantis mokslu pagr\u012fstais principais ir apima lengvai vir\u0161kinamus, nat\u016bralius maisto produktus, padedan\u010dius atkurti \u017earnyno pusiausvyr\u0105 ir stiprinti bendr\u0105 organizmo atsparum\u0105.<\/p>\n<p>Plane rasite:<\/p>\n<ul>\n<li>2 skirtingas suskai\u010diuotas savaites;<\/li>\n<li>Kiekvienoje dienoje 4 valgymus;<\/li>\n<li>20 niekur nepublikuot\u0173 recept\u0173, kurie yra nesud\u0117tingi ir greitai pagaminami;<\/li>\n<li>Planas sud\u0117liotas pagal patiekal\u0173 2 dienas pasikartojimo princip\u0105, ta\u010diau galiu u\u017etikrinti, kad nerasite nei vienos identi\u0161kos dienos, tad \u012fvairov\u0117 bus i\u0161laikoma;<\/li>\n<\/ul>\n<p><strong>\u012esigijus plan\u0105, b\u016btinai parsisi\u0173skite fail\u0105 sau \u012f el. pa\u0161t\u0105 ir i\u0161sisaugokite per 30d.<\/strong><\/p>\n<p>\u012esigijus paslaug\u0105 pinigai n\u0117ra gr\u0105\u017einami ar paslauga kei\u010diama.<\/p>","protected":false},"featured_media":5528,"template":"","meta":{"site-sidebar-layout":"default","site-content-layout":"","ast-site-content-layout":"default","site-content-style":"default","site-sidebar-style":"default","ast-global-header-display":"","ast-banner-title-visibility":"","ast-main-header-display":"","ast-hfb-above-header-display":"","ast-hfb-below-header-display":"","ast-hfb-mobile-header-display":"","site-post-title":"","ast-breadcrumbs-content":"","ast-featured-img":"","footer-sml-layout":"","theme-transparent-header-meta":"default","adv-header-id-meta":"","stick-header-meta":"","header-above-stick-meta":"","header-main-stick-meta":"","header-below-stick-meta":"","astra-migrate-meta-layouts":"set","ast-page-background-enabled":"default","ast-page-background-meta":{"desktop":{"background-color":"var(--ast-global-color-4)","background-image":"","background-repeat":"repeat","background-position":"center center","background-size":"auto","background-attachment":"scroll","background-type":"","background-media":"","overlay-type":"","overlay-color":"","overlay-opacity":"","overlay-gradient":""},"tablet":{"background-color":"","background-image":"","background-repeat":"repeat","background-position":"center center","background-size":"auto","background-attachment":"scroll","background-type":"","background-media":"","overlay-type":"","overlay-color":"","overlay-opacity":"","overlay-gradient":""},"mobile":{"background-color":"","background-image":"","background-repeat":"repeat","background-position":"center center","background-size":"auto","background-attachment":"scroll","background-type":"","background-media":"","overlay-type":"","overlay-color":"","overlay-opacity":"","overlay-gradient":""}},"ast-content-background-meta":{"desktop":{"background-color":"var(--ast-global-color-5)","background-image":"","background-repeat":"repeat","background-position":"center center","background-size":"auto","background-attachment":"scroll","background-type":"","background-media":"","overlay-type":"","overlay-color":"","overlay-opacity":"","overlay-gradient":""},"tablet":{"background-color":"var(--ast-global-color-5)","background-image":"","background-repeat":"repeat","background-position":"center center","background-size":"auto","background-attachment":"scroll","background-type":"","background-media":"","overlay-type":"","overlay-color":"","overlay-opacity":"","overlay-gradient":""},"mobile":{"background-color":"var(--ast-global-color-5)","background-image":"","background-repeat":"repeat","background-position":"center center","background-size":"auto","background-attachment":"scroll","background-type":"","background-media":"","overlay-type":"","overlay-color":"","overlay-opacity":"","overlay-gradient":""}}},"product_brand":[],"product_cat":[24],"product_tag":[],"class_list":{"0":"post-5526","1":"product","2":"type-product","3":"status-publish","4":"has-post-thumbnail","6":"product_cat-pagrindiniai-planai","7":"desktop-align-left","8":"tablet-align-left","9":"mobile-align-left","11":"first","12":"instock","13":"downloadable","14":"virtual","15":"taxable","16":"purchasable","17":"product-type-simple"},"_links":{"self":[{"href":"https:\/\/svoriometimomaratonas.lt\/en\/wp-json\/wp\/v2\/product\/5526","targetHints":{"allow":["GET"]}}],"collection":[{"href":"https:\/\/svoriometimomaratonas.lt\/en\/wp-json\/wp\/v2\/product"}],"about":[{"href":"https:\/\/svoriometimomaratonas.lt\/en\/wp-json\/wp\/v2\/types\/product"}],"wp:featuredmedia":[{"embeddable":true,"href":"https:\/\/svoriometimomaratonas.lt\/en\/wp-json\/wp\/v2\/media\/5528"}],"wp:attachment":[{"href":"https:\/\/svoriometimomaratonas.lt\/en\/wp-json\/wp\/v2\/media?parent=5526"}],"wp:term":[{"taxonomy":"product_brand","embeddable":true,"href":"https:\/\/svoriometimomaratonas.lt\/en\/wp-json\/wp\/v2\/product_brand?post=5526"},{"taxonomy":"product_cat","embeddable":true,"href":"https:\/\/svoriometimomaratonas.lt\/en\/wp-json\/wp\/v2\/product_cat?post=5526"},{"taxonomy":"product_tag","embeddable":true,"href":"https:\/\/svoriometimomaratonas.lt\/en\/wp-json\/wp\/v2\/product_tag?post=5526"}],"curies":[{"name":"wp","href":"https:\/\/api.w.org\/{rel}","templated":true}]}}