{"id":6888,"date":"2025-07-09T14:06:14","date_gmt":"2025-07-09T14:06:14","guid":{"rendered":"https:\/\/svoriometimomaratonas.lt\/?post_type=product&#038;p=6888"},"modified":"2026-03-19T05:22:38","modified_gmt":"2026-03-19T05:22:38","slug":"rekomendacinis-planas-celiulito-mazinimui","status":"publish","type":"product","link":"https:\/\/svoriometimomaratonas.lt\/en\/product\/rekomendacinis-planas-celiulito-mazinimui\/","title":{"rendered":"Rekomendacinis planas CELIULITO MA\u017dINIMUI"},"content":{"rendered":"<p><strong>Rekomendaciniame mitybos plane CELIULITO MA\u017dINIMUI rasite:<\/strong><\/p>\n<ul>\n<li>2 pilnai suskai\u010diuotos savait\u0117s;<\/li>\n<li>22 nauji, greitai pagaminami ir niekur nepublikuoti receptai;<\/li>\n<\/ul>\n<p><strong>\u0160is rekomendacinis mitybos planas sudarytas siekiant: <\/strong><\/p>\n<ul>\n<li>Ma\u017einti celiulit\u0105;<\/li>\n<li>Palaikyti limfin\u0117s sistemos veikl\u0105;<\/li>\n<li>Suma\u017einti skys\u010di\u0173 susikaupim\u0105 audiniuose;<\/li>\n<li>Pagerinti kraujotak\u0105 ir odos b\u016bkl\u0119;<\/li>\n<li>Palaikyti stabil\u0173 cukraus kiek\u012f kraujyje;<\/li>\n<li>Skatinti jungiamojo audinio atsistatym\u0105;<\/li>\n<li>Stiprinti kolageno gamyb\u0105;<\/li>\n<li>Gerinti \u017earnyno veikl\u0105 ir ma\u017einti u\u017edegiminius procesus organizme.<\/li>\n<\/ul>\n<p><strong>Apmok\u0117jus i\u0161kart lange atsidarys nuoroda per kuri\u0105 reikia parsisi\u0173sti plan\u0105 ir i\u0161sisaugoti rekomendacin\u012f plan\u0105 pas save \u012frenginyje. \u012esigijus paslaug\u0105 pinigai n\u0117ra gr\u0105\u017einami ar paslauga kei\u010diama.<\/strong><\/p>","protected":false},"excerpt":{"rendered":"<p><strong>Rekomendaciniame mitybos plane CELIULITO MA\u017dINIMUI rasite:<\/strong><\/p>\n<ul>\n<li>2 pilnai suskai\u010diuotos savait\u0117s;<\/li>\n<li>22 nauji, greitai pagaminami ir niekur nepublikuoti receptai;<\/li>\n<\/ul>\n<p><strong>\u0160is rekomendacinis mitybos planas sudarytas siekiant: <\/strong><\/p>\n<ul>\n<li>Ma\u017einti celiulit\u0105;<\/li>\n<li>Palaikyti limfin\u0117s sistemos veikl\u0105;<\/li>\n<li>Suma\u017einti skys\u010di\u0173 susikaupim\u0105 audiniuose;<\/li>\n<li>Pagerinti kraujotak\u0105 ir odos b\u016bkl\u0119;<\/li>\n<li>Palaikyti stabil\u0173 cukraus kiek\u012f kraujyje;<\/li>\n<li>Skatinti jungiamojo audinio atsistatym\u0105;<\/li>\n<li>Stiprinti kolageno gamyb\u0105;<\/li>\n<li>Gerinti \u017earnyno veikl\u0105 ir ma\u017einti u\u017edegiminius procesus organizme.<\/li>\n<\/ul>\n<p><strong>Apmok\u0117jus i\u0161kart lange atsidarys nuoroda per kuri\u0105 reikia parsisi\u0173sti plan\u0105 ir i\u0161sisaugoti rekomendacin\u012f plan\u0105 pas save \u012frenginyje. \u012esigijus paslaug\u0105 pinigai n\u0117ra gr\u0105\u017einami ar paslauga kei\u010diama.<\/strong><\/p>","protected":false},"featured_media":6890,"template":"","meta":{"site-sidebar-layout":"default","site-content-layout":"","ast-site-content-layout":"default","site-content-style":"default","site-sidebar-style":"default","ast-global-header-display":"","ast-banner-title-visibility":"","ast-main-header-display":"","ast-hfb-above-header-display":"","ast-hfb-below-header-display":"","ast-hfb-mobile-header-display":"","site-post-title":"","ast-breadcrumbs-content":"","ast-featured-img":"","footer-sml-layout":"","theme-transparent-header-meta":"default","adv-header-id-meta":"","stick-header-meta":"","header-above-stick-meta":"","header-main-stick-meta":"","header-below-stick-meta":"","astra-migrate-meta-layouts":"set","ast-page-background-enabled":"default","ast-page-background-meta":{"desktop":{"background-color":"var(--ast-global-color-4)","background-image":"","background-repeat":"repeat","background-position":"center center","background-size":"auto","background-attachment":"scroll","background-type":"","background-media":"","overlay-type":"","overlay-color":"","overlay-opacity":"","overlay-gradient":""},"tablet":{"background-color":"","background-image":"","background-repeat":"repeat","background-position":"center center","background-size":"auto","background-attachment":"scroll","background-type":"","background-media":"","overlay-type":"","overlay-color":"","overlay-opacity":"","overlay-gradient":""},"mobile":{"background-color":"","background-image":"","background-repeat":"repeat","background-position":"center center","background-size":"auto","background-attachment":"scroll","background-type":"","background-media":"","overlay-type":"","overlay-color":"","overlay-opacity":"","overlay-gradient":""}},"ast-content-background-meta":{"desktop":{"background-color":"var(--ast-global-color-5)","background-image":"","background-repeat":"repeat","background-position":"center center","background-size":"auto","background-attachment":"scroll","background-type":"","background-media":"","overlay-type":"","overlay-color":"","overlay-opacity":"","overlay-gradient":""},"tablet":{"background-color":"var(--ast-global-color-5)","background-image":"","background-repeat":"repeat","background-position":"center center","background-size":"auto","background-attachment":"scroll","background-type":"","background-media":"","overlay-type":"","overlay-color":"","overlay-opacity":"","overlay-gradient":""},"mobile":{"background-color":"var(--ast-global-color-5)","background-image":"","background-repeat":"repeat","background-position":"center center","background-size":"auto","background-attachment":"scroll","background-type":"","background-media":"","overlay-type":"","overlay-color":"","overlay-opacity":"","overlay-gradient":""}}},"product_brand":[],"product_cat":[24],"product_tag":[],"class_list":{"0":"post-6888","1":"product","2":"type-product","3":"status-publish","4":"has-post-thumbnail","6":"product_cat-pagrindiniai-planai","7":"desktop-align-left","8":"tablet-align-left","9":"mobile-align-left","11":"first","12":"instock","13":"downloadable","14":"virtual","15":"taxable","16":"purchasable","17":"product-type-simple"},"_links":{"self":[{"href":"https:\/\/svoriometimomaratonas.lt\/en\/wp-json\/wp\/v2\/product\/6888","targetHints":{"allow":["GET"]}}],"collection":[{"href":"https:\/\/svoriometimomaratonas.lt\/en\/wp-json\/wp\/v2\/product"}],"about":[{"href":"https:\/\/svoriometimomaratonas.lt\/en\/wp-json\/wp\/v2\/types\/product"}],"wp:featuredmedia":[{"embeddable":true,"href":"https:\/\/svoriometimomaratonas.lt\/en\/wp-json\/wp\/v2\/media\/6890"}],"wp:attachment":[{"href":"https:\/\/svoriometimomaratonas.lt\/en\/wp-json\/wp\/v2\/media?parent=6888"}],"wp:term":[{"taxonomy":"product_brand","embeddable":true,"href":"https:\/\/svoriometimomaratonas.lt\/en\/wp-json\/wp\/v2\/product_brand?post=6888"},{"taxonomy":"product_cat","embeddable":true,"href":"https:\/\/svoriometimomaratonas.lt\/en\/wp-json\/wp\/v2\/product_cat?post=6888"},{"taxonomy":"product_tag","embeddable":true,"href":"https:\/\/svoriometimomaratonas.lt\/en\/wp-json\/wp\/v2\/product_tag?post=6888"}],"curies":[{"name":"wp","href":"https:\/\/api.w.org\/{rel}","templated":true}]}}