{"id":7765,"date":"2025-10-07T18:00:02","date_gmt":"2025-10-07T18:00:02","guid":{"rendered":"https:\/\/svoriometimomaratonas.lt\/?post_type=product&#038;p=7765"},"modified":"2026-03-19T05:23:46","modified_gmt":"2026-03-19T05:23:46","slug":"vakarieniu-gidas","status":"publish","type":"product","link":"https:\/\/svoriometimomaratonas.lt\/en\/product\/vakarieniu-gidas\/","title":{"rendered":"Vakarieni\u0173 gidas"},"content":{"rendered":"<p>Labutis,<\/p>\n<p>\u0160is vakarieni\u0173 gidas sukurtas, kad palengvint\u0173 J\u016bs\u0173 sprendimus vakare ir pad\u0117t\u0173 pasir\u016bpinti savo spalvotomis ir nenuobod\u017eiomis vakarien\u0117mis.\u00a0 Pad\u0117t\u0173 atkurti ry\u0161\u012f su savo k\u016bnu ir primint\u0173, kad net ir dienos pabaigoje galite rinktis s\u0105moningai, be streso ir be min\u010di\u0173 \u201ek\u0105 dabar valgyti?\u201c. Leiskite vakarienei tapti ramyb\u0117s akimirka, nes id\u0117jomis u\u017e Jus pasir\u016bpinau a\u0161.<\/p>\n<p>Gide rasite 14 skirting\u0173 bei lengvai ir greitai pagaminam\u0173 vakarieni\u0173 \u012fd\u0117j\u0173 ir tai rei\u0161kia, kad ma\u017eiausiai dvi savaites Jums nereik\u0117s sukti galvos \u201ek\u0105 gaminti sau ir \u0161eimai?\u201c<\/p>\n<p><strong>Apmok\u0117jus i\u0161kart lange atsidarys nuoroda per kuri\u0105 reikia parsisi\u0173sti plan\u0105 ir i\u0161sisaugoti rekomendacin\u012f plan\u0105 pas save \u012frenginyje. \u012esigijus paslaug\u0105 pinigai n\u0117ra gr\u0105\u017einami ar paslauga kei\u010diama.<\/strong><\/p>\n<p>&nbsp;<\/p>","protected":false},"excerpt":{"rendered":"<p>Labutis,<\/p>\n<p>\u0160is vakarieni\u0173 gidas sukurtas, kad palengvint\u0173 J\u016bs\u0173 sprendimus vakare ir pad\u0117t\u0173 pasir\u016bpinti savo spalvotomis ir nenuobod\u017eiomis vakarien\u0117mis.\u00a0 Pad\u0117t\u0173 atkurti ry\u0161\u012f su savo k\u016bnu ir primint\u0173, kad net ir dienos pabaigoje galite rinktis s\u0105moningai, be streso ir be min\u010di\u0173 \u201ek\u0105 dabar valgyti?\u201c. Leiskite vakarienei tapti ramyb\u0117s akimirka, nes id\u0117jomis u\u017e Jus pasir\u016bpinau a\u0161.<\/p>\n<p>Gide rasite 14 skirting\u0173 bei lengvai ir greitai pagaminam\u0173 vakarieni\u0173 \u012fd\u0117j\u0173 ir tai rei\u0161kia, kad ma\u017eiausiai dvi savaites Jums nereik\u0117s sukti galvos \u201ek\u0105 gaminti sau ir \u0161eimai?\u201c<\/p>\n<p><strong>Apmok\u0117jus i\u0161kart lange atsidarys nuoroda per kuri\u0105 reikia parsisi\u0173sti plan\u0105 ir i\u0161sisaugoti rekomendacin\u012f plan\u0105 pas save \u012frenginyje. \u012esigijus paslaug\u0105 pinigai n\u0117ra gr\u0105\u017einami ar paslauga kei\u010diama.<\/strong><\/p>","protected":false},"featured_media":8056,"template":"","meta":{"site-sidebar-layout":"default","site-content-layout":"","ast-site-content-layout":"default","site-content-style":"default","site-sidebar-style":"default","ast-global-header-display":"","ast-banner-title-visibility":"","ast-main-header-display":"","ast-hfb-above-header-display":"","ast-hfb-below-header-display":"","ast-hfb-mobile-header-display":"","site-post-title":"","ast-breadcrumbs-content":"","ast-featured-img":"","footer-sml-layout":"","theme-transparent-header-meta":"default","adv-header-id-meta":"","stick-header-meta":"","header-above-stick-meta":"","header-main-stick-meta":"","header-below-stick-meta":"","astra-migrate-meta-layouts":"set","ast-page-background-enabled":"default","ast-page-background-meta":{"desktop":{"background-color":"var(--ast-global-color-4)","background-image":"","background-repeat":"repeat","background-position":"center center","background-size":"auto","background-attachment":"scroll","background-type":"","background-media":"","overlay-type":"","overlay-color":"","overlay-opacity":"","overlay-gradient":""},"tablet":{"background-color":"","background-image":"","background-repeat":"repeat","background-position":"center center","background-size":"auto","background-attachment":"scroll","background-type":"","background-media":"","overlay-type":"","overlay-color":"","overlay-opacity":"","overlay-gradient":""},"mobile":{"background-color":"","background-image":"","background-repeat":"repeat","background-position":"center center","background-size":"auto","background-attachment":"scroll","background-type":"","background-media":"","overlay-type":"","overlay-color":"","overlay-opacity":"","overlay-gradient":""}},"ast-content-background-meta":{"desktop":{"background-color":"var(--ast-global-color-5)","background-image":"","background-repeat":"repeat","background-position":"center center","background-size":"auto","background-attachment":"scroll","background-type":"","background-media":"","overlay-type":"","overlay-color":"","overlay-opacity":"","overlay-gradient":""},"tablet":{"background-color":"var(--ast-global-color-5)","background-image":"","background-repeat":"repeat","background-position":"center center","background-size":"auto","background-attachment":"scroll","background-type":"","background-media":"","overlay-type":"","overlay-color":"","overlay-opacity":"","overlay-gradient":""},"mobile":{"background-color":"var(--ast-global-color-5)","background-image":"","background-repeat":"repeat","background-position":"center center","background-size":"auto","background-attachment":"scroll","background-type":"","background-media":"","overlay-type":"","overlay-color":"","overlay-opacity":"","overlay-gradient":""}}},"product_brand":[],"product_cat":[26],"product_tag":[],"class_list":{"0":"post-7765","1":"product","2":"type-product","3":"status-publish","4":"has-post-thumbnail","6":"product_cat-rekomendacinis-gidas","7":"desktop-align-left","8":"tablet-align-left","9":"mobile-align-left","11":"first","12":"instock","13":"sale","14":"downloadable","15":"virtual","16":"taxable","17":"purchasable","18":"product-type-simple"},"_links":{"self":[{"href":"https:\/\/svoriometimomaratonas.lt\/en\/wp-json\/wp\/v2\/product\/7765","targetHints":{"allow":["GET"]}}],"collection":[{"href":"https:\/\/svoriometimomaratonas.lt\/en\/wp-json\/wp\/v2\/product"}],"about":[{"href":"https:\/\/svoriometimomaratonas.lt\/en\/wp-json\/wp\/v2\/types\/product"}],"wp:featuredmedia":[{"embeddable":true,"href":"https:\/\/svoriometimomaratonas.lt\/en\/wp-json\/wp\/v2\/media\/8056"}],"wp:attachment":[{"href":"https:\/\/svoriometimomaratonas.lt\/en\/wp-json\/wp\/v2\/media?parent=7765"}],"wp:term":[{"taxonomy":"product_brand","embeddable":true,"href":"https:\/\/svoriometimomaratonas.lt\/en\/wp-json\/wp\/v2\/product_brand?post=7765"},{"taxonomy":"product_cat","embeddable":true,"href":"https:\/\/svoriometimomaratonas.lt\/en\/wp-json\/wp\/v2\/product_cat?post=7765"},{"taxonomy":"product_tag","embeddable":true,"href":"https:\/\/svoriometimomaratonas.lt\/en\/wp-json\/wp\/v2\/product_tag?post=7765"}],"curies":[{"name":"wp","href":"https:\/\/api.w.org\/{rel}","templated":true}]}}